{"id":222,"date":"2021-01-12T16:31:48","date_gmt":"2021-01-12T15:31:48","guid":{"rendered":"http:\/\/sportagogie.com\/?page_id=222"},"modified":"2021-01-23T20:27:22","modified_gmt":"2021-01-23T19:27:22","slug":"sportagogie-menu-des-jeux-de-plateau-iasg","status":"publish","type":"page","link":"https:\/\/sportagogie.com\/index.php\/pedagogie-alternative-jeux\/sportagogie-menu-des-jeux-de-plateau-iasg\/","title":{"rendered":"SPORTAGOGIE \u00a9 : MENU DES 9 JEUX P\u00c9DAGOGIQUES DE PLATEAU IASG"},"content":{"rendered":"\n<blockquote class=\"wp-block-quote\"><p>\u201cLes cours du professeur intervenant Monsieur Bulit sont tr\u00e8s interactifs. On apprend plus vite en jouant collectivement avec ses 9 jeux de simulation.\u00a0\u00bb<\/p><cite>T\u00e9moignage d&rsquo;un \u00e9l\u00e8ve d&rsquo;une des \u00e9coles de commerce o\u00f9 G.Bulit prodigue des cours r\u00e9guli\u00e8rement.<\/cite><\/blockquote>\n\n\n\n<p>Ces 9 modules d\u2019auto-formation permettent de se remettre \u00e0 niveau. Une grande partie de mise en pratique s&rsquo;effectue <em>via<\/em> un jeu qui simule la vie d\u2019une entreprise. L\u2019objectif est d\u2019\u00eatre <strong>au plus proche des m\u00e9tiers<\/strong> que les \u00e9tudiants pourront exercer demain.<\/p>\n\n\n\n<p>Ces simulations ont pour finalit\u00e9 <strong>la prise de d\u00e9cision <\/strong>des \u00e9tudiants, de les mettre face aux<strong> probl\u00e9matiques <\/strong>qu\u2019ils auront \u00e0 g\u00e9rer dans leur <strong>carri\u00e8re<\/strong>.<\/p>\n\n\n\n<blockquote class=\"wp-block-quote\"><p>J\u2019ai choisi ce format de cours car je m\u2019adresse \u00e0 un public proche de l\u2019activit\u00e9 professionnelle. Lorsqu\u2019on est en bac+6, on n\u2019est plus en \u00e2ge de perdre du temps, il faut de l\u2019efficacit\u00e9, on n\u2019est plus l\u00e0 pour apprendre de mani\u00e8re scolaire par le biais de cours magistraux, mais on doit maitriser les acquis, et savoir les manipuler, d\u2019o\u00f9 l\u2019application par le jeu.<\/p><cite>Guy Bulit &#8211; Fondateur de <a href=\"https:\/\/www.linkedin.com\/company\/26931658\/admin\/\" data-type=\"URL\" data-id=\"https:\/\/www.linkedin.com\/company\/26931658\/admin\/\">Sport Management P\u00e9dagogie<\/a> et d&rsquo;<a href=\"https:\/\/www.linkedin.com\/company\/49159994\/admin\/\" data-type=\"URL\" data-id=\"https:\/\/www.linkedin.com\/company\/49159994\/admin\/\">Immersive Active Sports Games<\/a><\/cite><\/blockquote>\n\n\n\n<p><strong>Il s&rsquo;agit de reportings classiques du contr\u00f4le financier (compte de r\u00e9sultat, bilan, etc.)<\/strong><\/p>\n\n\n\n<p>Aujourd\u2019hui, beaucoup de managers demandent des reportings, sauf qu\u2019ils ne nous apportent \u201crien du tout\u201d. La finalit\u00e9 d\u2019un manager, c\u2019est de faire des propositions, mettre en place des actions, prendre des d\u00e9cisions et mesurer l\u2019impact de ces d\u00e9cisions.<\/p>\n\n\n\n<p>L\u2019id\u00e9e du cours n\u2019est pas de s\u2019arr\u00eater aux chiffres, mais d\u2019avoir une vision manag\u00e9riale. Il faut \u00e9galement int\u00e9grer des donn\u00e9es \u00e9conomiques. Aujourd\u2019hui, tout le monde est \u00e9valu\u00e9 sur ses r\u00e9sultats \u00e9conomiques. Il faut donc mettre en relation ces r\u00e9sultats \u00e9conomiques avec les d\u00e9cisions que l\u2019entreprise peut prendre. Il ne faut pas oublier que les r\u00e9sultats sont un moyen et non une finalit\u00e9. Ils sont un moyen pour d\u00e9cider de nouveaux investissements, de nouveaux plans d\u2019actions.<\/p>\n\n\n\n<p><strong>Quelles dimensions sont prises en compte dans un jeu ?<\/strong><\/p>\n\n\n\n<p class=\"has-text-align-right\">On prend en compte toutes les dimensions : <\/p>\n\n\n\n<p class=\"has-text-align-right\">choix de la strat\u00e9gie, <\/p>\n\n\n\n<p class=\"has-text-align-right\">des actions que l\u2019on va mettre en place<\/p>\n\n\n\n<p class=\"has-text-align-right\"> (R&amp;D, marketing, vente, management, etc\u2026),<\/p>\n\n\n\n<p class=\"has-text-align-right\"> d\u2019interpr\u00e9tation et d\u2019analyse des r\u00e9sultats,<\/p>\n\n\n\n<p class=\"has-text-align-right\"> \u00eatre force de proposition et de mise en action,<\/p>\n\n\n\n<p class=\"has-text-align-right\"> les probl\u00e9matiques financi\u00e8res d\u2019un club :<\/p>\n\n\n\n<p class=\"has-text-align-right\"> comment apprend-on la d\u00e9cision d\u2019acheter une star,<\/p>\n\n\n\n<p class=\"has-text-align-right\"> l\u2019impact sur le merchandising,<\/p>\n\n\n\n<p class=\"has-text-align-right\"> les m\u00e9dias,<\/p>\n\n\n\n<p class=\"has-text-align-right\"> la justification \u00e9conomique<\/p>\n\n\n\n<p class=\"has-text-align-right\"> et sportive<\/p>\n\n\n\n<p class=\"has-text-align-right\"> d\u2019un Centre de formation,<\/p>\n\n\n\n<p class=\"has-text-align-right\"> etc.<\/p>\n\n\n\n<div class=\"wp-block-image\"><figure class=\"aligncenter size-large is-resized\"><img loading=\"lazy\" decoding=\"async\" src=\"http:\/\/sportagogie.com\/wp-content\/uploads\/2021\/01\/Annotation-2020-05-18-130349-IASG-post-18-05-2020-1.png\" alt=\"\" class=\"wp-image-309\" width=\"421\" height=\"194\" srcset=\"https:\/\/sportagogie.com\/wp-content\/uploads\/2021\/01\/Annotation-2020-05-18-130349-IASG-post-18-05-2020-1.png 510w, https:\/\/sportagogie.com\/wp-content\/uploads\/2021\/01\/Annotation-2020-05-18-130349-IASG-post-18-05-2020-1-300x138.png 300w\" sizes=\"(max-width: 421px) 100vw, 421px\" \/><\/figure><\/div>\n\n\n\n<h2 class=\"has-white-background-color has-background wp-block-heading\"><strong>MENU DE PR\u00c9SENTATION DES JEUX IASG<\/strong><\/h2>\n\n\n\n<pre class=\"wp-block-preformatted\"><strong>Ci-apr\u00e8s, en ordre d\u00e9croissant, cliquez sur l'ic\u00f4ne bleue correspondant \u00e0 la description d\u00e9taill\u00e9e des 9 jeux de plateaux IASG existants :<\/strong><\/pre>\n\n\n\n<ul><li>10] Application de la M\u00c9THODE VRIO dans l&rsquo;environnement du Sport &nbsp;<a href=\"https:\/\/www.linkedin.com\/pulse\/pr%C3%A9sentation-de-jeu-management-strat%C3%A9gique-la-m%C3%A9thode-guy-bulit\/\" data-type=\"URL\" data-id=\"https:\/\/www.linkedin.com\/pulse\/pr%C3%A9sentation-de-jeu-management-strat%C3%A9gique-la-m%C3%A9thode-guy-bulit\/\">\ud83d\udd1c\u2705<\/a><\/li><\/ul>\n\n\n\n<ul><li>9] Performance strat\u00e9gique pour les Organisations du Sport &nbsp;<a href=\"https:\/\/www.linkedin.com\/pulse\/pr%C3%A9sentation-du-module-8-performance-strat%C3%A9gique-pour-guy-bulit\/\" data-type=\"URL\" data-id=\"https:\/\/www.linkedin.com\/pulse\/pr%C3%A9sentation-du-module-8-performance-strat%C3%A9gique-pour-guy-bulit\/\">\ud83d\udd1c\u2705<\/a><\/li><\/ul>\n\n\n\n<ul><li>8] Entrepreneuriat et enjeux \u00e9conomiques dans une Organisation du Sport &nbsp;<a href=\"https:\/\/www.linkedin.com\/pulse\/pr%C3%A9sentation-du-module-8-entrepreneuriat-et-enjeux-dans-guy-bulit\/\" data-type=\"URL\" data-id=\"https:\/\/www.linkedin.com\/pulse\/pr%C3%A9sentation-du-module-8-entrepreneuriat-et-enjeux-dans-guy-bulit\/\">\ud83d\udd1c\u2705<\/a><\/li><\/ul>\n\n\n\n<ul><li>7] Les leviers du management d\u2019\u00e9quipe pour les managers dans les Organisations du Sport&nbsp;&nbsp;<a href=\"https:\/\/www.linkedin.com\/pulse\/pr%C3%A9sentation-du-module-7-les-leviers-management-d%C3%A9quipe-guy-bulit\/\" data-type=\"URL\" data-id=\"https:\/\/www.linkedin.com\/pulse\/pr%C3%A9sentation-du-module-7-les-leviers-management-d%C3%A9quipe-guy-bulit\/\">\ud83d\udd1c\u2705<\/a><\/li><\/ul>\n\n\n\n<ul><li>6] Fondamentaux du Management d\u2019\u00e9quipe dans les Organisations du Sport <a href=\"https:\/\/www.linkedin.com\/pulse\/pr%C3%A9sentation-du-module-6-fondamentaux-management-d%C3%A9quipe-guy-bulit\/\" data-type=\"URL\" data-id=\"https:\/\/www.linkedin.com\/pulse\/pr%C3%A9sentation-du-module-6-fondamentaux-management-d%C3%A9quipe-guy-bulit\/\">\ud83d\udd1c\u2705<\/a><\/li><\/ul>\n\n\n\n<ul><li>5] M\u00e9thodes et outils de la fiscalit\u00e9 pour les Organisations du Sport<a href=\"https:\/\/www.linkedin.com\/pulse\/pr%C3%A9sentation-du-module-5-m%C3%A9thodes-et-outils-de-la-fiscalit%C3%A9-guy-bulit\/\" data-type=\"URL\" data-id=\"https:\/\/www.linkedin.com\/pulse\/pr%C3%A9sentation-du-module-5-m%C3%A9thodes-et-outils-de-la-fiscalit%C3%A9-guy-bulit\/\">\ud83d\udd1c\u2705<\/a><\/li><\/ul>\n\n\n\n<ul><li>4] M\u00e9thodes et outils de pilotage budg\u00e9taire d\u2019un Club de Sport professionnel <a href=\"https:\/\/www.linkedin.com\/pulse\/pr%C3%A9sentation-du-module-4-m%C3%A9thodes-et-outils-de-pilotage-guy-bulit\/\" data-type=\"URL\" data-id=\"https:\/\/www.linkedin.com\/pulse\/pr%C3%A9sentation-du-module-4-m%C3%A9thodes-et-outils-de-pilotage-guy-bulit\/\">\ud83d\udd1c\u2705<\/a><\/li><\/ul>\n\n\n\n<ul><li>3] Pilotage strat\u00e9gique et construction budg\u00e9taire \u00e9v\u00e8nementielle du Sport&nbsp;<a href=\"https:\/\/www.linkedin.com\/pulse\/pr%C3%A9sentation-du-module-3-pilotage-strat%C3%A9gique-et-budg%C3%A9taire-guy-bulit\/\" data-type=\"URL\" data-id=\"https:\/\/www.linkedin.com\/pulse\/pr%C3%A9sentation-du-module-3-pilotage-strat%C3%A9gique-et-budg%C3%A9taire-guy-bulit\/\">\ud83d\udd1c\u2705<\/a>&nbsp;<\/li><\/ul>\n\n\n\n<ul><li>1] Fondamentaux \u00c9conomiques et Financiers <a href=\"https:\/\/www.linkedin.com\/pulse\/pr%C3%A9sentation-du-module-1-fondamentaux-%C3%A9conomiques-et-financiers-guy\/\" data-type=\"URL\" data-id=\"https:\/\/www.linkedin.com\/pulse\/pr%C3%A9sentation-du-module-1-fondamentaux-%C3%A9conomiques-et-financiers-guy\/\">\ud83d\udd1c\u2705<\/a><\/li><\/ul>\n\n\n\n<div class=\"wp-block-image\"><figure class=\"aligncenter size-large\"><img loading=\"lazy\" decoding=\"async\" width=\"293\" height=\"344\" src=\"http:\/\/sportagogie.com\/wp-content\/uploads\/2021\/01\/SMP-logo.png\" alt=\"\" class=\"wp-image-310\" srcset=\"https:\/\/sportagogie.com\/wp-content\/uploads\/2021\/01\/SMP-logo.png 293w, https:\/\/sportagogie.com\/wp-content\/uploads\/2021\/01\/SMP-logo-256x300.png 256w\" sizes=\"(max-width: 293px) 100vw, 293px\" \/><figcaption><strong>SPORT MANAGEMENT P\u00c9DAGOGIE<\/strong><\/figcaption><\/figure><\/div>\n","protected":false},"excerpt":{"rendered":"<p>\u201cLes cours du professeur intervenant Monsieur Bulit sont tr\u00e8s interactifs. On apprend plus vite en jouant collectivement avec ses 9 jeux de simulation.\u00a0\u00bb T\u00e9moignage d&rsquo;un \u00e9l\u00e8ve d&rsquo;une des \u00e9coles de commerce o\u00f9 G.Bulit prodigue des cours r\u00e9guli\u00e8rement. Ces 9 modules d\u2019auto-formation permettent de se remettre \u00e0 niveau. Une grande partie de mise en pratique s&rsquo;effectue [&hellip;]<\/p>\n","protected":false},"author":1,"featured_media":0,"parent":95,"menu_order":4,"comment_status":"closed","ping_status":"closed","template":"","meta":{"footnotes":""},"_links":{"self":[{"href":"https:\/\/sportagogie.com\/index.php\/wp-json\/wp\/v2\/pages\/222"}],"collection":[{"href":"https:\/\/sportagogie.com\/index.php\/wp-json\/wp\/v2\/pages"}],"about":[{"href":"https:\/\/sportagogie.com\/index.php\/wp-json\/wp\/v2\/types\/page"}],"author":[{"embeddable":true,"href":"https:\/\/sportagogie.com\/index.php\/wp-json\/wp\/v2\/users\/1"}],"replies":[{"embeddable":true,"href":"https:\/\/sportagogie.com\/index.php\/wp-json\/wp\/v2\/comments?post=222"}],"version-history":[{"count":32,"href":"https:\/\/sportagogie.com\/index.php\/wp-json\/wp\/v2\/pages\/222\/revisions"}],"predecessor-version":[{"id":399,"href":"https:\/\/sportagogie.com\/index.php\/wp-json\/wp\/v2\/pages\/222\/revisions\/399"}],"up":[{"embeddable":true,"href":"https:\/\/sportagogie.com\/index.php\/wp-json\/wp\/v2\/pages\/95"}],"wp:attachment":[{"href":"https:\/\/sportagogie.com\/index.php\/wp-json\/wp\/v2\/media?parent=222"}],"curies":[{"name":"wp","href":"https:\/\/api.w.org\/{rel}","templated":true}]}}