{"id":27,"date":"2020-12-17T12:15:14","date_gmt":"2020-12-17T11:15:14","guid":{"rendered":"http:\/\/sportagogie.com\/?page_id=27"},"modified":"2021-01-13T00:08:47","modified_gmt":"2021-01-12T23:08:47","slug":"sportagogie-les-jeux-video","status":"publish","type":"page","link":"https:\/\/sportagogie.com\/index.php\/pedagogie-alternative-jeux\/sportagogie-les-jeux-video\/","title":{"rendered":"SPORTAGOGIE\u00a9 : LES JEUX VID\u00c9O"},"content":{"rendered":"\n<div class=\"wp-block-group alignwide\"><div class=\"wp-block-group__inner-container is-layout-flow wp-block-group-is-layout-flow\">\n<h2 class=\"has-text-align-center wp-block-heading\">Les versions en cours d&rsquo;\u00e9laboration<\/h2>\n<\/div><\/div>\n\n\n\n<div class=\"wp-block-columns alignwide is-layout-flex wp-container-core-columns-layout-1 wp-block-columns-is-layout-flex\">\n<div class=\"wp-block-column is-layout-flow wp-block-column-is-layout-flow\">\n<div class=\"wp-block-group\"><div class=\"wp-block-group__inner-container is-layout-flow wp-block-group-is-layout-flow\">\n<figure class=\"wp-block-image alignfull size-full\"><img decoding=\"async\" src=\"http:\/\/sportagogie.com\/wp-content\/themes\/twentytwenty\/assets\/images\/2020-three-quarters-1.png\" alt=\"\" class=\"wp-image-37\"\/><\/figure>\n\n\n\n<h3 class=\"wp-block-heading\">SPORTAGOGIE\u00a9 GAME EDUCATION<\/h3>\n\n\n\n<p>En cours de structuration &#8211; Version b\u00eata au 1er semestre 2021<\/p>\n\n\n\n<div class=\"wp-block-button is-style-outline\"><a class=\"wp-block-button__link\" href=\"https:\/\/make.wordpress.org\/core\/2019\/09\/27\/block-editor-theme-related-updates-in-wordpress-5-3\/\">Lire la suite<\/a><\/div>\n<\/div><\/div>\n\n\n\n<div class=\"wp-block-group\"><div class=\"wp-block-group__inner-container is-layout-flow wp-block-group-is-layout-flow\">\n<figure class=\"wp-block-image alignfull size-full\"><img decoding=\"async\" src=\"http:\/\/sportagogie.com\/wp-content\/themes\/twentytwenty\/assets\/images\/2020-three-quarters-3.png\" alt=\"\" class=\"wp-image-37\"\/><\/figure>\n\n\n\n<h3 class=\"wp-block-heading\">SPORTAGOGIE\u00a9 GAME ASSESSMENT<\/h3>\n\n\n\n<p>En cours de structuration &#8211; Version b\u00eata au 1er semestre 2021<\/p>\n\n\n\n<div class=\"wp-block-button is-style-outline\"><a class=\"wp-block-button__link\" href=\"https:\/\/make.wordpress.org\/core\/2019\/09\/27\/block-editor-theme-related-updates-in-wordpress-5-3\/\">Lire la suite<\/a><\/div>\n<\/div><\/div>\n<\/div>\n\n\n\n<div class=\"wp-block-column is-layout-flow wp-block-column-is-layout-flow\">\n<div class=\"wp-block-group\"><div class=\"wp-block-group__inner-container is-layout-flow wp-block-group-is-layout-flow\">\n<figure class=\"wp-block-image alignfull size-full\"><img decoding=\"async\" src=\"http:\/\/sportagogie.com\/wp-content\/themes\/twentytwenty\/assets\/images\/2020-three-quarters-2.png\" alt=\"\" class=\"wp-image-37\"\/><\/figure>\n\n\n\n<h3 class=\"wp-block-heading\">SPORTAGOGIE\u00a9 GAME MANAGEMENT<\/h3>\n\n\n\n<p>En cours de structuration &#8211; Version b\u00eata au 1er semestre 2021<\/p>\n\n\n\n<div class=\"wp-block-button is-style-outline\"><a class=\"wp-block-button__link\" href=\"https:\/\/make.wordpress.org\/core\/2019\/09\/27\/block-editor-theme-related-updates-in-wordpress-5-3\/\">Lire la suite<\/a><\/div>\n<\/div><\/div>\n\n\n\n<div class=\"wp-block-group\"><div class=\"wp-block-group__inner-container is-layout-flow wp-block-group-is-layout-flow\">\n<figure class=\"wp-block-image alignfull size-full\"><img decoding=\"async\" src=\"http:\/\/sportagogie.com\/wp-content\/themes\/twentytwenty\/assets\/images\/2020-three-quarters-4.png\" alt=\"\" class=\"wp-image-37\"\/><\/figure>\n\n\n\n<h3 class=\"wp-block-heading\">SPORTAGOGIE\u00a9 GAME COMMUNITY<\/h3>\n\n\n\n<p>En cours de structuration &#8211; Version b\u00eata au 1er semestre 2021<\/p>\n\n\n\n<div class=\"wp-block-button is-style-outline\"><a class=\"wp-block-button__link\" href=\"https:\/\/make.wordpress.org\/core\/2019\/09\/27\/block-editor-theme-related-updates-in-wordpress-5-3\/\">Lire la suite<\/a><\/div>\n<\/div><\/div>\n<\/div>\n<\/div>\n\n\n\n<figure class=\"wp-block-image alignfull size-full\"><img decoding=\"async\" src=\"http:\/\/sportagogie.com\/wp-content\/themes\/twentytwenty\/assets\/images\/2020-landscape-2.png\" alt=\"\" class=\"wp-image-37\"\/><\/figure>\n\n\n\n<div class=\"wp-block-group alignwide\"><div class=\"wp-block-group__inner-container is-layout-flow wp-block-group-is-layout-flow\">\n<h2 class=\"has-text-align-center has-accent-color has-text-color wp-block-heading\">\u00ab&nbsp;Une gamme de jeux vid\u00e9o va voir le jour en 2021 : Sportagogie Game Education &#8211; Sportagogie Game Management &#8211; Sportagogie Game Assessment et Sportagogie Game Community.&nbsp;\u00bb<\/h2>\n<\/div><\/div>\n\n\n\n<p class=\"has-drop-cap\">Les jeux vid\u00e9o de formation initiale aux m\u00e9tiers du<br>management sportif pour les \u00e9coles sup\u00e9rieures<br>sp\u00e9cialis\u00e9es.<\/p>\n\n\n\n<div class=\"wp-block-group alignwide has-background\" style=\"background-color:#ffffff\"><div class=\"wp-block-group__inner-container is-layout-flow wp-block-group-is-layout-flow\">\n<div class=\"wp-block-group\"><div class=\"wp-block-group__inner-container is-layout-flow wp-block-group-is-layout-flow\">\n<h2 class=\"has-text-align-center wp-block-heading\">Devenez membre \u00ab\u00a0sportagogique\u00a0\u00bb et obtenez des offres exclusives&nbsp;!<\/h2>\n\n\n\n<p class=\"has-text-align-center\">Les adh\u00e9rent(e)s ont acc\u00e8s \u00e0 des informations et des pr\u00e9commandes sur des livres et des articles exclusifs. Abonnez-vous gratuitement pour recevoir nos prochaines newsletters .<\/p>\n\n\n\n<div class=\"wp-block-button aligncenter\"><a class=\"wp-block-button__link\" href=\"https:\/\/make.wordpress.org\/core\/2019\/09\/27\/block-editor-theme-related-updates-in-wordpress-5-3\/\">Pour devenir Membre Sportagogique<\/a><\/div>\n<\/div><\/div>\n<\/div><\/div>\n\n\n\n<figure class=\"wp-block-gallery alignwide columns-2 is-cropped wp-block-gallery-1 is-layout-flex wp-block-gallery-is-layout-flex\"><ul class=\"blocks-gallery-grid\"><li class=\"blocks-gallery-item\"><figure><img decoding=\"async\" src=\"http:\/\/sportagogie.com\/wp-content\/themes\/twentytwenty\/assets\/images\/2020-square-2.png\" alt=\"\" data-id=\"39\" data-full-url=\"http:\/\/sportagogie.com\/wp-content\/themes\/twentytwenty\/assets\/images\/2020-square-2.png\" data-link=\"assets\/images\/2020-square-2\/\" class=\"wp-image-39\"\/><\/figure><\/li><li class=\"blocks-gallery-item\"><figure><img decoding=\"async\" src=\"http:\/\/sportagogie.com\/wp-content\/themes\/twentytwenty\/assets\/images\/2020-square-1.png\" alt=\"\" data-id=\"38\" data-full-url=\"http:\/\/sportagogie.com\/wp-content\/themes\/twentytwenty\/assets\/images\/2020-square-1.png\" data-link=\"http:\/\/sportagogie.com\/wp-content\/themes\/twentytwenty\/assets\/images\/2020-square-1\/\" class=\"wp-image-38\"\/><\/figure><\/li><\/ul><\/figure>\n","protected":false},"excerpt":{"rendered":"<p>Les versions en cours d&rsquo;\u00e9laboration SPORTAGOGIE\u00a9 GAME EDUCATION En cours de structuration &#8211; Version b\u00eata au 1er semestre 2021 SPORTAGOGIE\u00a9 GAME ASSESSMENT En cours de structuration &#8211; Version b\u00eata au 1er semestre 2021 SPORTAGOGIE\u00a9 GAME MANAGEMENT En cours de structuration &#8211; Version b\u00eata au 1er semestre 2021 SPORTAGOGIE\u00a9 GAME COMMUNITY En cours de structuration &#8211; [&hellip;]<\/p>\n","protected":false},"author":1,"featured_media":26,"parent":95,"menu_order":5,"comment_status":"closed","ping_status":"closed","template":"","meta":{"footnotes":""},"_links":{"self":[{"href":"https:\/\/sportagogie.com\/index.php\/wp-json\/wp\/v2\/pages\/27"}],"collection":[{"href":"https:\/\/sportagogie.com\/index.php\/wp-json\/wp\/v2\/pages"}],"about":[{"href":"https:\/\/sportagogie.com\/index.php\/wp-json\/wp\/v2\/types\/page"}],"author":[{"embeddable":true,"href":"https:\/\/sportagogie.com\/index.php\/wp-json\/wp\/v2\/users\/1"}],"replies":[{"embeddable":true,"href":"https:\/\/sportagogie.com\/index.php\/wp-json\/wp\/v2\/comments?post=27"}],"version-history":[{"count":7,"href":"https:\/\/sportagogie.com\/index.php\/wp-json\/wp\/v2\/pages\/27\/revisions"}],"predecessor-version":[{"id":321,"href":"https:\/\/sportagogie.com\/index.php\/wp-json\/wp\/v2\/pages\/27\/revisions\/321"}],"up":[{"embeddable":true,"href":"https:\/\/sportagogie.com\/index.php\/wp-json\/wp\/v2\/pages\/95"}],"wp:featuredmedia":[{"embeddable":true,"href":"https:\/\/sportagogie.com\/index.php\/wp-json\/wp\/v2\/media\/26"}],"wp:attachment":[{"href":"https:\/\/sportagogie.com\/index.php\/wp-json\/wp\/v2\/media?parent=27"}],"curies":[{"name":"wp","href":"https:\/\/api.w.org\/{rel}","templated":true}]}}