{"id":28,"date":"2020-12-17T12:15:14","date_gmt":"2020-12-17T11:15:14","guid":{"rendered":"http:\/\/sportagogie.com\/?page_id=28"},"modified":"2021-01-23T18:57:21","modified_gmt":"2021-01-23T17:57:21","slug":"a-propos-de-guy-bulit","status":"publish","type":"page","link":"https:\/\/sportagogie.com\/index.php\/a-propos-de-guy-bulit\/","title":{"rendered":"\u00c0 propos de Guy Bulit"},"content":{"rendered":"\n<p class=\"has-text-align-right has-vivid-cyan-blue-color has-text-color has-large-font-size\"><img loading=\"lazy\" decoding=\"async\" width=\"369\" height=\"489\" class=\"wp-image-78\" style=\"width: 150px;\" src=\"http:\/\/sportagogie.com\/wp-content\/uploads\/2020\/12\/Guy-Bulit-Photo-President-SMP.png\" alt=\"\" srcset=\"https:\/\/sportagogie.com\/wp-content\/uploads\/2020\/12\/Guy-Bulit-Photo-President-SMP.png 369w, https:\/\/sportagogie.com\/wp-content\/uploads\/2020\/12\/Guy-Bulit-Photo-President-SMP-226x300.png 226w\" sizes=\"(max-width: 369px) 100vw, 369px\" \/><\/p>\n\n\n\n<h2 class=\"has-vivid-cyan-blue-color has-text-color wp-block-heading\">Son cursus acad\u00e9mique<\/h2>\n\n\n\n<p>Dipl\u00f4m\u00e9 des DESS de Grenoble IAE et de l&rsquo;IAE Paris &#8211; Sorbonne Business School, d&rsquo;un MBA de l&rsquo;ESG Executive Education et d&rsquo;un Executive Master de Sciences Po Paris, <\/p>\n\n\n\n<p>\u25b6\ufe0f <strong>MASTER 2 &#8211; Supply chain \u2013 Universit\u00e9 de Grenoble<\/strong><\/p>\n\n\n\n<p>\u25b6\ufe0f <strong>MASTER 2 \u2013 Audit et Contr\u00f4le de gestion \u2013 Paris 1 \u2013 Sorbonne<\/strong><\/p>\n\n\n\n<p>\u25b6\ufe0f <strong>MBA Ex\u00e9cutive \u2013 Management des Organisations du sport \u2013 ESG Paris<\/strong><\/p>\n\n\n\n<p>\u25b6\ufe0f <strong>Master Ex\u00e9cutive \u2013 Sociologie des organisations et strat\u00e9gie du changement \u2013 Sciences Po Paris<\/strong><\/p>\n\n\n\n<h2 class=\"has-text-align-right has-vivid-cyan-blue-color has-text-color wp-block-heading\">Son parcours professionnel<\/h2>\n\n\n\n<p class=\"has-text-align-right\">En premi\u00e8re partie de carri\u00e8re, il a occup\u00e9 et\/ou r\u00e9alis\u00e9 les fonctions de :<\/p>\n\n\n\n<p class=\"has-text-align-right\">\u27a1\ufe0f <strong>Direction d&rsquo;un Centre de Formation pendant 12 ans <\/strong><\/p>\n\n\n\n<p class=\"has-text-align-right\">\u27a1\ufe0f <strong>Conception et d\u00e9ploiement d\u2019un outil d\u2019assesment en ligne pour la supply chain<\/strong> \u2013 Formation intra \u2013 VAE pour Master 1 et Master 2<\/p>\n\n\n\n<p class=\"has-text-align-right\">Aujourd&rsquo;hui, toujours aussi actif et boulimique de travail, <\/p>\n\n\n\n<p class=\"has-text-align-right\">il a entam\u00e9 sa deuxi\u00e8me partie de carri\u00e8re depuis 2015, comme :<\/p>\n\n\n\n<p class=\"has-text-align-right\">\u27a1\ufe0f <strong>Consultant \u2013 Formateur en  Management financier du sport<\/strong>.<\/p>\n\n\n\n<p class=\"has-text-align-right has-normal-font-size\"><strong>Il est intervenant et formateur <\/strong>aupr\u00e8s :<\/p>\n\n\n\n<p class=\"has-text-align-right has-normal-font-size\">d&rsquo;<a href=\"https:\/\/www.linkedin.com\/company\/audenciabusinessschool\/\"><\/a><a rel=\"noreferrer noopener\" target=\"_blank\" href=\"https:\/\/www.linkedin.com\/company\/audenciabusinessschool\/\">Audencia Business School<\/a>,<\/p>\n\n\n\n<p class=\"has-text-align-right has-normal-font-size\"> <a href=\"https:\/\/www.mba-esg.com\/\" data-type=\"URL\" data-id=\"https:\/\/www.mba-esg.com\/\">MBA ESG<\/a>, <\/p>\n\n\n\n<p class=\"has-text-align-right has-normal-font-size\"><a href=\"https:\/\/www.psbedu.paris\/fr\" data-type=\"URL\" data-id=\"https:\/\/www.psbedu.paris\/fr\">PSB Paris School of Business<\/a>, <\/p>\n\n\n\n<p class=\"has-text-align-right has-normal-font-size\">Groupe ESG Guadeloupe, <\/p>\n\n\n\n<p class=\"has-text-align-right has-normal-font-size\"><a href=\"https:\/\/www.amos-business-school.eu\/\" data-type=\"URL\" data-id=\"https:\/\/www.amos-business-school.eu\/\">AMOS &#8211; Sport Business School<\/a>,<\/p>\n\n\n\n<p class=\"has-text-align-right has-normal-font-size\">et <a href=\"https:\/\/www.sportsmanagementschool.fr\/\" data-type=\"URL\" data-id=\"https:\/\/www.sportsmanagementschool.fr\/\">Sports Management School Pari<\/a><a href=\"https:\/\/iscparis.com\/\" data-type=\"URL\" data-id=\"https:\/\/iscparis.com\/\">s<\/a>. <\/p>\n\n\n\n<p class=\"has-text-align-right has-black-color has-text-color has-normal-font-size\">\u2611 <strong>Guy Bulit est le Pr\u00e9sident de Sport Management P\u00e9dagogie (SMP) <\/strong><\/p>\n\n\n\n<p class=\"has-text-align-right has-black-color has-text-color has-normal-font-size\"><strong>et de IASG (Immersive Active Sports Games)<\/strong>.<\/p>\n\n\n\n<h2 class=\"has-text-align-right has-vivid-cyan-blue-color has-text-color wp-block-heading\">Ses cr\u00e9ations de jeux<\/h2>\n\n\n\n<h2 class=\"has-text-align-right wp-block-heading\">Les jeux de plateaux<\/h2>\n\n\n\n<p class=\"has-text-align-right has-black-color has-text-color\">Guy est un Concepteur original de <strong>jeux p\u00e9dagogiques sur plateau<\/strong>. <\/p>\n\n\n\n<p class=\"has-text-align-right has-black-color has-text-color\">Ses centres d&rsquo;int\u00e9r\u00eat<\/p>\n\n\n\n<p class=\"has-text-align-right has-black-color has-text-color\">sont en lien avec ses \u00e9tudes pouss\u00e9es et sa grande exp\u00e9rience terrain. <\/p>\n\n\n\n<p class=\"has-text-align-right has-black-color has-text-color\">Ses mati\u00e8res de pr\u00e9dilections sont la Finance et le Management.<\/p>\n\n\n\n<p class=\"has-text-align-right has-black-color has-text-color\">Il est l&rsquo;inventeur et ma\u00eetre d&rsquo;\u0153uvre d\u2019<strong>outils de mod\u00e8le \u00e9conomique par simulation financi\u00e8re<\/strong>, <strong>sous algorithmique math\u00e9matique<\/strong>. Il a ainsi d\u00e9ploy\u00e9 un arsenal de <span style=\"text-decoration: underline;\">dispositions ludiques reposant sur une p\u00e9dagogie syst\u00e9mique et applicative<\/span>, <span style=\"text-decoration: underline;\">pout tout type d&rsquo;apprenants adultes<\/span>.<\/p>\n\n\n\n<h2 class=\"wp-block-heading\">Les jeux vid\u00e9o<\/h2>\n\n\n\n<p>Son dernier projet en cours est la cr\u00e9ation d&rsquo;une gamme de jeux p\u00e9dagogiques (type <em>serious game<\/em>). Ils verront le jour en 2021 sous 4 formes pr\u00e9vues : <\/p>\n\n\n\n<ul><li>\u2611 <strong>SPORTAGOGIE GAME EDUCATION<\/strong> &#8211; version b\u00eata basique en cours<\/li><li>\u2611 <strong>SPORTAGOGIE GAME MANAGEMENT<\/strong> &#8211; pour \u00e9coles de commerce<\/li><li>\u2611 <strong>SPORTAGOGIE GAME ASSESSMENT<\/strong> &#8211; d\u00e9di\u00e9 \u00e0 l&rsquo;\u00e9valuation de comp\u00e9tences et \u00e0 l&rsquo;accessibilit\u00e9 \u00e0 la VAE (<strong>V<\/strong>alidation des <strong>A<\/strong>cquis de l&rsquo;<strong>E<\/strong>xp\u00e9rience)<\/li><li>\u2611 <strong>SPORTAGOGIE GAME COMMUNITY<\/strong> &#8211; destin\u00e9 au Grand Public<\/li><\/ul>\n","protected":false},"excerpt":{"rendered":"<p>Son cursus acad\u00e9mique Dipl\u00f4m\u00e9 des DESS de Grenoble IAE et de l&rsquo;IAE Paris &#8211; Sorbonne Business School, d&rsquo;un MBA de l&rsquo;ESG Executive Education et d&rsquo;un Executive Master de Sciences Po Paris, \u25b6\ufe0f MASTER 2 &#8211; Supply chain \u2013 Universit\u00e9 de Grenoble \u25b6\ufe0f MASTER 2 \u2013 Audit et Contr\u00f4le de gestion \u2013 Paris 1 \u2013 Sorbonne [&hellip;]<\/p>\n","protected":false},"author":1,"featured_media":0,"parent":0,"menu_order":2,"comment_status":"closed","ping_status":"closed","template":"","meta":{"footnotes":""},"_links":{"self":[{"href":"https:\/\/sportagogie.com\/index.php\/wp-json\/wp\/v2\/pages\/28"}],"collection":[{"href":"https:\/\/sportagogie.com\/index.php\/wp-json\/wp\/v2\/pages"}],"about":[{"href":"https:\/\/sportagogie.com\/index.php\/wp-json\/wp\/v2\/types\/page"}],"author":[{"embeddable":true,"href":"https:\/\/sportagogie.com\/index.php\/wp-json\/wp\/v2\/users\/1"}],"replies":[{"embeddable":true,"href":"https:\/\/sportagogie.com\/index.php\/wp-json\/wp\/v2\/comments?post=28"}],"version-history":[{"count":12,"href":"https:\/\/sportagogie.com\/index.php\/wp-json\/wp\/v2\/pages\/28\/revisions"}],"predecessor-version":[{"id":383,"href":"https:\/\/sportagogie.com\/index.php\/wp-json\/wp\/v2\/pages\/28\/revisions\/383"}],"wp:attachment":[{"href":"https:\/\/sportagogie.com\/index.php\/wp-json\/wp\/v2\/media?parent=28"}],"curies":[{"name":"wp","href":"https:\/\/api.w.org\/{rel}","templated":true}]}}