{"id":29,"date":"2020-12-17T12:15:14","date_gmt":"2020-12-17T11:15:14","guid":{"rendered":"http:\/\/sportagogie.com\/?page_id=29"},"modified":"2021-01-12T16:13:54","modified_gmt":"2021-01-12T15:13:54","slug":"contact","status":"publish","type":"page","link":"https:\/\/sportagogie.com\/index.php\/contact\/","title":{"rendered":"Contact"},"content":{"rendered":"\n<p class=\"has-text-align-center has-medium-font-size\"><strong>Pour toute demande d\u2019intervention, de renseignement ou d\u2019information compl\u00e9mentaire, contactez : <\/strong><\/p>\n\n\n\n<p class=\"has-text-align-center has-medium-font-size\"><strong>\ud83d\udcf1 Mob : 06 73 32 63 38<\/strong> <\/p>\n\n\n\n<p class=\"has-text-align-center has-medium-font-size\"><strong>\ud83d\udcbb Mail : <span style=\"text-decoration: underline;\"><a rel=\"noreferrer noopener\" target=\"_blank\" href=\"mailto:gbulit@nature-equilibre-conseils.biz\">gbulit<\/a>@<a rel=\"noreferrer noopener\" target=\"_blank\" href=\"mailto:gbulit@nature-equilibre-conseils.biz\">nature-equilibre-conseils.biz<\/a><\/span><\/strong><\/p>\n\n\n\n<p><\/p>\n\n\n\n<h5 class=\"has-text-align-right has-medium-font-size wp-block-heading\">Adresse postale  du Si\u00e8ge social de SPORTAGOGIE<strong>\u00a9<\/strong>  <\/h5>\n\n\n\n<p class=\"has-text-align-center has-medium-font-size\">SPORT MANAGEMENT P\u00c9DAGOGIE <\/p>\n\n\n\n<p class=\"has-text-align-center has-medium-font-size\">3380 Route des C\u00f4teaux <\/p>\n\n\n\n<p class=\"has-text-align-center has-medium-font-size\">Moulin \u00e0 vent <\/p>\n\n\n\n<p class=\"has-text-align-center has-medium-font-size\">47800 Moustiers<\/p>\n","protected":false},"excerpt":{"rendered":"<p>Pour toute demande d\u2019intervention, de renseignement ou d\u2019information compl\u00e9mentaire, contactez : \ud83d\udcf1 Mob : 06 73 32 63 38 \ud83d\udcbb Mail : gbulit@nature-equilibre-conseils.biz Adresse postale du Si\u00e8ge social de SPORTAGOGIE\u00a9 SPORT MANAGEMENT P\u00c9DAGOGIE 3380 Route des C\u00f4teaux Moulin \u00e0 vent 47800 Moustiers<\/p>\n","protected":false},"author":1,"featured_media":0,"parent":0,"menu_order":6,"comment_status":"closed","ping_status":"closed","template":"","meta":{"footnotes":""},"_links":{"self":[{"href":"https:\/\/sportagogie.com\/index.php\/wp-json\/wp\/v2\/pages\/29"}],"collection":[{"href":"https:\/\/sportagogie.com\/index.php\/wp-json\/wp\/v2\/pages"}],"about":[{"href":"https:\/\/sportagogie.com\/index.php\/wp-json\/wp\/v2\/types\/page"}],"author":[{"embeddable":true,"href":"https:\/\/sportagogie.com\/index.php\/wp-json\/wp\/v2\/users\/1"}],"replies":[{"embeddable":true,"href":"https:\/\/sportagogie.com\/index.php\/wp-json\/wp\/v2\/comments?post=29"}],"version-history":[{"count":4,"href":"https:\/\/sportagogie.com\/index.php\/wp-json\/wp\/v2\/pages\/29\/revisions"}],"predecessor-version":[{"id":159,"href":"https:\/\/sportagogie.com\/index.php\/wp-json\/wp\/v2\/pages\/29\/revisions\/159"}],"wp:attachment":[{"href":"https:\/\/sportagogie.com\/index.php\/wp-json\/wp\/v2\/media?parent=29"}],"curies":[{"name":"wp","href":"https:\/\/api.w.org\/{rel}","templated":true}]}}